{"id":381,"date":"2017-06-04T15:28:31","date_gmt":"2017-06-04T15:28:31","guid":{"rendered":"http:\/\/ilioskaithalassa.com\/?page_id=381"},"modified":"2023-05-14T10:11:09","modified_gmt":"2023-05-14T10:11:09","slug":"what-our-guest-say","status":"publish","type":"page","link":"https:\/\/ilioskaithalassa.com\/?page_id=381","title":{"rendered":"What our guests say&#8230;&#8230;."},"content":{"rendered":"<p><img loading=\"lazy\" decoding=\"async\" class=\"wp-image-1003 aligncenter\" src=\"http:\/\/ilioskaithalassa.com\/wp-content\/uploads\/2017\/06\/20190713-Oleander-m-zonneschijn-300x300.jpg\" alt=\"\" width=\"274\" height=\"274\" srcset=\"https:\/\/ilioskaithalassa.com\/wp-content\/uploads\/2017\/06\/20190713-Oleander-m-zonneschijn-300x300.jpg 300w, https:\/\/ilioskaithalassa.com\/wp-content\/uploads\/2017\/06\/20190713-Oleander-m-zonneschijn-150x150.jpg 150w, https:\/\/ilioskaithalassa.com\/wp-content\/uploads\/2017\/06\/20190713-Oleander-m-zonneschijn-768x768.jpg 768w, https:\/\/ilioskaithalassa.com\/wp-content\/uploads\/2017\/06\/20190713-Oleander-m-zonneschijn-1024x1024.jpg 1024w, https:\/\/ilioskaithalassa.com\/wp-content\/uploads\/2017\/06\/20190713-Oleander-m-zonneschijn.jpg 1500w\" sizes=\"auto, (max-width: 274px) 100vw, 274px\" \/><\/p>\n<p>Christina &amp; Morty USA; \u00a0 \u00a0 \u00a0 \u00a0 \u00a0 \u00a0 \u00a0 \u00a0 \u00a0 \u00a0 \u00a0 \u00a0 \u00a0 \u00a0 \u00a0 \u00a0 \u00a0 \u00a0 \u00a0 \u00a0 \u00a0 \u00a0 \u00a0 \u00a0 \u00a0 \u00a0 \u00a0 \u00a0 \u00a0 \u00a0 \u00a0 \u00a0 \u00a0 \u00a0 \u00a0 \u00a0 \u00a0 \u00a0 \u00a0 \u00a0 \u00a0 \u00a0 \u00a0 \u00a0 \u00a0 \u00a0 \u00a0 \u00a0 \u00a0 \u00a0 \u00a0 \u00a0 \u00a0 \u00a0 \u00a0 \u00a0 \u00a0 \u00a0 \u00a0We had a wonderful time at Peter and Caroline\u2019s home. There are so many nice things to explore in the area and the beach that is a few minutes walking from the house was super quiet and a beautiful place to watch the sunset. Breakfast was amazing both mornings using a lot of fruit from their property. Definitely recommended!<\/p>\n<p><img loading=\"lazy\" decoding=\"async\" class=\"size-medium wp-image-846 aligncenter\" src=\"http:\/\/ilioskaithalassa.com\/wp-content\/uploads\/2017\/06\/Fruit-vijgen-300x115.jpg\" alt=\"\" width=\"300\" height=\"115\" srcset=\"https:\/\/ilioskaithalassa.com\/wp-content\/uploads\/2017\/06\/Fruit-vijgen-300x115.jpg 300w, https:\/\/ilioskaithalassa.com\/wp-content\/uploads\/2017\/06\/Fruit-vijgen-768x293.jpg 768w, https:\/\/ilioskaithalassa.com\/wp-content\/uploads\/2017\/06\/Fruit-vijgen-1024x391.jpg 1024w, https:\/\/ilioskaithalassa.com\/wp-content\/uploads\/2017\/06\/Fruit-vijgen.jpg 1341w\" sizes=\"auto, (max-width: 300px) 100vw, 300px\" \/><\/p>\n<p>Loukia GR; \u00a0 \u00a0 \u00a0 \u00a0 \u00a0 \u00a0 \u00a0 \u00a0 \u00a0 \u00a0 \u00a0 \u00a0 \u00a0 \u00a0 \u00a0 \u00a0 \u00a0 \u00a0 \u00a0 \u00a0 \u00a0 \u00a0 \u00a0 \u00a0 \u00a0 \u00a0 \u00a0 \u00a0 \u00a0 \u00a0 \u00a0 \u00a0 \u00a0 \u00a0 \u00a0 \u00a0 \u00a0 \u00a0 \u00a0 \u00a0 \u00a0 \u00a0 \u00a0 \u00a0 \u00a0 \u00a0 \u00a0 \u00a0 \u00a0 \u00a0 \u00a0 \u00a0 \u00a0 \u00a0 \u00a0 \u00a0 \u00a0 \u00a0 \u00a0Amazing relaxing experience with super friendly and kind hosts ready to accommodate every request!<\/p>\n<p>Sandra &amp; Christoph AUS; \u00a0 \u00a0 \u00a0 \u00a0 \u00a0 \u00a0 \u00a0 \u00a0 \u00a0 \u00a0 \u00a0 \u00a0 \u00a0 \u00a0 \u00a0 \u00a0 \u00a0 \u00a0 \u00a0 \u00a0 \u00a0 \u00a0 \u00a0 \u00a0 \u00a0 \u00a0 \u00a0 \u00a0 \u00a0 \u00a0 \u00a0 \u00a0 \u00a0 \u00a0 \u00a0 \u00a0 \u00a0 \u00a0 \u00a0 \u00a0 \u00a0 \u00a0 \u00a0 \u00a0 \u00a0 \u00a0 \u00a0 \u00a0 \u00a0 \u00a0 \u00a0 \u00a0 \u00a0 \u00a0 \u00a0 \u00a0 \u00a0 \u00a0 \u00a0 \u00a0\u00a0Caroline and Peter are really nice and their breakfasts are delicious! The bungalows have a good design and they are comfy as well. It is 5 minutes walk to a wonderful and naturally beach. It was a relaxing stay inbetween a lot of nature and nice hosts.<\/p>\n<p><img loading=\"lazy\" decoding=\"async\" class=\" wp-image-843 aligncenter\" src=\"http:\/\/ilioskaithalassa.com\/wp-content\/uploads\/2017\/06\/stand-zee-300x103.jpg\" alt=\"\" width=\"341\" height=\"117\" srcset=\"https:\/\/ilioskaithalassa.com\/wp-content\/uploads\/2017\/06\/stand-zee-300x103.jpg 300w, https:\/\/ilioskaithalassa.com\/wp-content\/uploads\/2017\/06\/stand-zee-768x264.jpg 768w, https:\/\/ilioskaithalassa.com\/wp-content\/uploads\/2017\/06\/stand-zee-1024x352.jpg 1024w, https:\/\/ilioskaithalassa.com\/wp-content\/uploads\/2017\/06\/stand-zee.jpg 1489w\" sizes=\"auto, (max-width: 341px) 100vw, 341px\" \/><\/p>\n<p>Ria NL: \u00a0 \u00a0 \u00a0 \u00a0 \u00a0 \u00a0 \u00a0 \u00a0 \u00a0 \u00a0 \u00a0 \u00a0 \u00a0 \u00a0 \u00a0 \u00a0 \u00a0 \u00a0 \u00a0 \u00a0 \u00a0 \u00a0 \u00a0 \u00a0 \u00a0 \u00a0 \u00a0 \u00a0 \u00a0 \u00a0 \u00a0 \u00a0 \u00a0 \u00a0 \u00a0 \u00a0 \u00a0 \u00a0 \u00a0 \u00a0 \u00a0 \u00a0 \u00a0 \u00a0 \u00a0 \u00a0 \u00a0 \u00a0 \u00a0 \u00a0 \u00a0 \u00a0 \u00a0 \u00a0 \u00a0 \u00a0 \u00a0 \u00a0 \u00a0 \u00a0 \u00a0 \u00a0\u00a0I enjoyed my week at Ilios kat Thalassa, Peter and Caroline are great hosts i received a warm welcome and good advice on restaurants and where to go hiking and exploring the area. I am sure i will return.<\/p>\n<p>Elisabeth FR \u00a0 \u00a0 \u00a0 \u00a0 \u00a0 \u00a0 \u00a0 \u00a0 \u00a0 \u00a0 \u00a0 \u00a0 \u00a0 \u00a0 \u00a0 \u00a0 \u00a0 \u00a0 \u00a0 \u00a0 \u00a0 \u00a0 \u00a0 \u00a0 \u00a0 \u00a0 \u00a0 \u00a0 \u00a0 \u00a0 \u00a0 \u00a0 \u00a0 \u00a0 \u00a0 \u00a0 \u00a0 \u00a0 \u00a0 \u00a0 \u00a0 \u00a0 \u00a0 \u00a0 \u00a0 \u00a0 \u00a0 \u00a0 \u00a0 \u00a0 \u00a0 \u00a0 \u00a0 \u00a0 \u00a0 \u00a0 \u00a0 \u00a0 \u00a0 \u00a0 \u00a0Un grand merci \u00e0 Caroline et Peter pour leur accueil, leur disponibilit\u00e9 et nos \u00e9changes. Un plus le petit d\u00e9jeuner qui change tous les jours t\u00e9moignage de leur volont\u00e9 de faire plaisir et de partager. Endroit \u00e0 recommander .<\/p>\n<p><img loading=\"lazy\" decoding=\"async\" class=\"size-medium wp-image-852 aligncenter\" src=\"http:\/\/ilioskaithalassa.com\/wp-content\/uploads\/2017\/06\/Granaatappel-300x151.jpg\" alt=\"\" width=\"300\" height=\"151\" srcset=\"https:\/\/ilioskaithalassa.com\/wp-content\/uploads\/2017\/06\/Granaatappel-300x151.jpg 300w, https:\/\/ilioskaithalassa.com\/wp-content\/uploads\/2017\/06\/Granaatappel-768x386.jpg 768w, https:\/\/ilioskaithalassa.com\/wp-content\/uploads\/2017\/06\/Granaatappel.jpg 995w\" sizes=\"auto, (max-width: 300px) 100vw, 300px\" \/><\/p>\n<p>Bryan and Jennifer USA\/NL; \u00a0 \u00a0 \u00a0 \u00a0 \u00a0 \u00a0 \u00a0 \u00a0 \u00a0 \u00a0 \u00a0 \u00a0 \u00a0 \u00a0 \u00a0 \u00a0 \u00a0 \u00a0 \u00a0 \u00a0 \u00a0 \u00a0 \u00a0 \u00a0 \u00a0 \u00a0 \u00a0 \u00a0 \u00a0 \u00a0 \u00a0 \u00a0 \u00a0 \u00a0 \u00a0 \u00a0 \u00a0 \u00a0 \u00a0 \u00a0 \u00a0 \u00a0 \u00a0 \u00a0 \u00a0 \u00a0 \u00a0 \u00a0 \u00a0 \u00a0 \u00a0 \u00a0We loved it so much we are going back just three months later! The purpose of our 1st trip was was to disconnect from reality and enjoy the local beach, I am happy to report that we had great succes in adchieving that goal! The area invites you to relax and to connect with nature and to take on the chill vibe of the good humans living in het area.<\/p>\n<p>Haris GR \u00a0 \u00a0 \u00a0 \u00a0 \u00a0 \u00a0 \u00a0 \u00a0 \u00a0 \u00a0 \u00a0 \u00a0 \u00a0 \u00a0 \u00a0 \u00a0 \u00a0 \u00a0 \u00a0 \u00a0 \u00a0 \u00a0 \u00a0 \u00a0 \u00a0 \u00a0 \u00a0 \u00a0 \u00a0 \u00a0 \u00a0 \u00a0 \u00a0 \u00a0 \u00a0 \u00a0 \u00a0 \u00a0 \u00a0 \u00a0 \u00a0 \u00a0 \u00a0 \u00a0 \u00a0 \u00a0 \u00a0 \u00a0 \u00a0 \u00a0 \u00a0 \u00a0 \u00a0 \u00a0 \u00a0 \u00a0 \u00a0 \u00a0 \u00a0\u00a0Wonderful little house, 3 minutes walk from a very nice beach. Excellent location, very quite, but at the same time with many interesting thinks to do. Near Yalova and Pylos, within walking distance from magnificent Palaiokastro, the Navarino lagoon and Voidokoilia beach. Top quality breakfast with fresh local products. And last but not least, the owners of the place, trully wonderful openhearted people, Caroline and Peter.<\/p>\n<p><img loading=\"lazy\" decoding=\"async\" class=\"size-medium wp-image-848 aligncenter\" src=\"http:\/\/ilioskaithalassa.com\/wp-content\/uploads\/2017\/06\/V-strand-lagune-300x119.jpg\" alt=\"\" width=\"300\" height=\"119\" srcset=\"https:\/\/ilioskaithalassa.com\/wp-content\/uploads\/2017\/06\/V-strand-lagune-300x119.jpg 300w, https:\/\/ilioskaithalassa.com\/wp-content\/uploads\/2017\/06\/V-strand-lagune-768x304.jpg 768w, https:\/\/ilioskaithalassa.com\/wp-content\/uploads\/2017\/06\/V-strand-lagune-1024x405.jpg 1024w, https:\/\/ilioskaithalassa.com\/wp-content\/uploads\/2017\/06\/V-strand-lagune.jpg 1295w\" sizes=\"auto, (max-width: 300px) 100vw, 300px\" \/><\/p>\n<p>Jan and Margot NL; \u00a0 \u00a0 \u00a0 \u00a0 \u00a0 \u00a0 \u00a0 \u00a0 \u00a0 \u00a0 \u00a0 \u00a0 \u00a0 \u00a0 \u00a0 \u00a0 \u00a0 \u00a0 \u00a0 \u00a0 \u00a0 \u00a0 \u00a0 \u00a0 \u00a0 \u00a0 \u00a0 \u00a0 \u00a0 \u00a0 \u00a0 \u00a0 \u00a0 \u00a0 \u00a0 \u00a0 \u00a0 \u00a0 \u00a0 \u00a0 \u00a0 \u00a0 \u00a0 \u00a0 \u00a0 \u00a0 \u00a0 \u00a0 \u00a0 \u00a0 \u00a0 \u00a0 \u00a0\u00a0Thank you for the excellent care and the great studio. We had a lovely 14 days at your place.<\/p>\n<p>Marina and Dimitris GR: \u00a0 \u00a0 \u00a0 \u00a0 \u00a0 \u00a0 \u00a0 \u00a0 \u00a0 \u00a0 \u00a0 \u00a0 \u00a0 \u00a0 \u00a0 \u00a0 \u00a0 \u00a0 \u00a0 \u00a0 \u00a0 \u00a0 \u00a0 \u00a0 \u00a0 \u00a0 \u00a0 \u00a0 \u00a0 \u00a0 \u00a0 \u00a0 \u00a0 \u00a0 \u00a0 \u00a0 \u00a0 \u00a0 \u00a0 \u00a0 \u00a0 \u00a0 \u00a0 \u00a0 \u00a0 \u00a0 \u00a0 \u00a0 \u00a0 \u00a0 \u00a0 \u00a0 \u00a0 \u00a0 \u00a0 \u00a0 \u00a0 \u00a0So nice, so calm and so simpel! Between the farms very close to the beautiful Romanos beach. Spacious and spotless rooms with all comfort you need. Always smiling hosts, atent and helpful, Caroline and Peter, make you a delicious breakfast everyday. Fresh Coffee, smoothies, homemade granola and even pancakes. Jus relax!<\/p>\n<p><img loading=\"lazy\" decoding=\"async\" class=\"size-thumbnail wp-image-901 alignright\" src=\"http:\/\/ilioskaithalassa.com\/wp-content\/uploads\/2017\/06\/pannenkoeken-150x150.jpg\" alt=\"\" width=\"150\" height=\"150\" \/><\/p>\n<p>M.de Vos NL; \u00a0 \u00a0 \u00a0 \u00a0 \u00a0 \u00a0 \u00a0 \u00a0 \u00a0 \u00a0 \u00a0 \u00a0 \u00a0 \u00a0 \u00a0 \u00a0 \u00a0 \u00a0 \u00a0 \u00a0 \u00a0 \u00a0 \u00a0 \u00a0 \u00a0 \u00a0 \u00a0 \u00a0 \u00a0 \u00a0 \u00a0 \u00a0 \u00a0 \u00a0 \u00a0 \u00a0 \u00a0 \u00a0 \u00a0 \u00a0 \u00a0 \u00a0 \u00a0 \u00a0 \u00a0 \u00a0 \u00a0 \u00a0 \u00a0 \u00a0 \u00a0 \u00a0 \u00a0 \u00a0 \u00a0 \u00a0 \u00a0 \u00a0 \u00a0 \u00a0 \u00a0 \u00a0\u00a0We planned to stay three nights but it became eight! Because comfortably situated close to the beach in an charming area with real Greek villages with lovely squares and Greek Taverna\u2019s. But also because of the clean and tastefull studio and the exceptional kind hosts. Not to talk about their pampering breakfast, highly recommended!<\/p>\n<p>Herbert und Michaela AUS \u00a0 \u00a0 \u00a0 \u00a0 \u00a0 \u00a0 \u00a0 \u00a0 \u00a0 \u00a0 \u00a0 \u00a0 \u00a0 \u00a0 \u00a0 \u00a0 \u00a0 \u00a0 \u00a0 \u00a0 \u00a0 \u00a0 \u00a0 \u00a0 \u00a0 \u00a0 \u00a0 \u00a0 \u00a0 \u00a0 \u00a0 \u00a0 \u00a0 \u00a0 \u00a0 \u00a0 \u00a0 \u00a0 \u00a0 \u00a0 \u00a0 \u00a0 \u00a0 \u00a0 \u00a0Lieber Peter, Liebe Caroline, Vielen Dank fur eine tolle und erholsame Woche bei euch. Kommen bestimmt wieder!<\/p>\n<p><img loading=\"lazy\" decoding=\"async\" class=\"size-medium wp-image-850 aligncenter\" src=\"http:\/\/ilioskaithalassa.com\/wp-content\/uploads\/2017\/06\/Bloemetjes-300x121.jpg\" alt=\"\" width=\"300\" height=\"121\" srcset=\"https:\/\/ilioskaithalassa.com\/wp-content\/uploads\/2017\/06\/Bloemetjes-300x121.jpg 300w, https:\/\/ilioskaithalassa.com\/wp-content\/uploads\/2017\/06\/Bloemetjes-768x310.jpg 768w, https:\/\/ilioskaithalassa.com\/wp-content\/uploads\/2017\/06\/Bloemetjes-1024x413.jpg 1024w, https:\/\/ilioskaithalassa.com\/wp-content\/uploads\/2017\/06\/Bloemetjes.jpg 1270w\" sizes=\"auto, (max-width: 300px) 100vw, 300px\" \/><\/p>\n<p>Isabel SP \u00a0 \u00a0 \u00a0 \u00a0 \u00a0 \u00a0 \u00a0 \u00a0 \u00a0 \u00a0 \u00a0 \u00a0 \u00a0 \u00a0 \u00a0 \u00a0 \u00a0 \u00a0 \u00a0 \u00a0 \u00a0 \u00a0 \u00a0 \u00a0 \u00a0 \u00a0 \u00a0 \u00a0 \u00a0 \u00a0 \u00a0 \u00a0 \u00a0 \u00a0 \u00a0 \u00a0 \u00a0 \u00a0 \u00a0 \u00a0 \u00a0 \u00a0 \u00a0 \u00a0 \u00a0 \u00a0 \u00a0 \u00a0 \u00a0 \u00a0 \u00a0 \u00a0 \u00a0 \u00a0 \u00a0 \u00a0 \u00a0 \u00a0 \u00a0 \u00a0 \u00a0 \u00a0 \u00a0 \u00a0The location is great, one of the best spots of the coast, close to Romanos, with direct acces to the beach. The accomodation is simple but you have all you need. Caroline and Peter were great hosts they gave us many tips to get to know the area and they prepared everymorning a great breakfast with lots of local products. A great place to unwind and relax!<\/p>\n<p>Scott and Ina CHINA \u00a0 \u00a0 \u00a0 \u00a0 \u00a0 \u00a0 \u00a0 \u00a0 \u00a0 \u00a0 \u00a0 \u00a0 \u00a0 \u00a0 \u00a0 \u00a0 \u00a0 \u00a0 \u00a0 \u00a0 \u00a0 \u00a0 \u00a0 \u00a0 \u00a0 \u00a0 \u00a0 \u00a0 \u00a0 \u00a0 \u00a0 \u00a0 \u00a0 \u00a0 \u00a0 \u00a0 \u00a0 \u00a0 \u00a0 \u00a0 \u00a0 \u00a0 \u00a0 \u00a0 \u00a0 \u00a0 \u00a0 \u00a0 \u00a0 \u00a0 \u00a0 \u00a0 \u00a0 \u00a0 \u00a0 \u00a0Caroline and Peter\u2019s place was fantastic. Super comfy bed and the breakfasts where the best (I looked forward to them every day). Can\u2019t stress how welcoming and hospitable this place is to stay so chilled and quiet. Would certainly want to come back soon.<\/p>\n<p><img loading=\"lazy\" decoding=\"async\" class=\"alignnone size-thumbnail wp-image-904\" src=\"http:\/\/ilioskaithalassa.com\/wp-content\/uploads\/2017\/06\/Houten-figuurtje-150x150.jpg\" alt=\"\" width=\"150\" height=\"150\" \/>\u00a0 \u00a0<img loading=\"lazy\" decoding=\"async\" class=\"alignnone size-thumbnail wp-image-905\" src=\"http:\/\/ilioskaithalassa.com\/wp-content\/uploads\/2017\/06\/studio-2-tuinz-150x150.jpg\" alt=\"\" width=\"150\" height=\"150\" \/>\u00a0 \u00a0<img loading=\"lazy\" decoding=\"async\" class=\"alignnone size-thumbnail wp-image-907\" src=\"http:\/\/ilioskaithalassa.com\/wp-content\/uploads\/2017\/06\/Studio-1-ligb-150x150.jpg\" alt=\"\" width=\"150\" height=\"150\" \/><\/p>\n<p>Walter &amp; Edith AUS \u00a0 \u00a0 \u00a0 \u00a0 \u00a0 \u00a0 \u00a0 \u00a0 \u00a0 \u00a0 \u00a0 \u00a0 \u00a0 \u00a0 \u00a0 \u00a0 \u00a0 \u00a0 \u00a0 \u00a0 \u00a0 \u00a0 \u00a0 \u00a0 \u00a0 \u00a0 \u00a0 \u00a0 \u00a0 \u00a0 \u00a0 \u00a0 \u00a0 \u00a0 \u00a0 \u00a0 \u00a0 \u00a0 \u00a0 \u00a0 \u00a0 \u00a0 \u00a0 \u00a0 \u00a0 \u00a0 \u00a0 \u00a0 \u00a0 \u00a0 \u00a0 \u00a0 \u00a0Alles so unkompliziert! Caroline und Peter sind sehr warmherzige Gastgeber und was die beiden mit ihren neuen Studios geschaffen haben ist grossartig! Ein Urlaub, wie man es sich nur w\u00fcnschen kann!<\/p>\n<p><img loading=\"lazy\" decoding=\"async\" class=\"wp-image-1000 aligncenter\" src=\"http:\/\/ilioskaithalassa.com\/wp-content\/uploads\/2017\/06\/20191002-Dille-blauwe-lucht-300x225.jpg\" alt=\"\" width=\"245\" height=\"184\" srcset=\"https:\/\/ilioskaithalassa.com\/wp-content\/uploads\/2017\/06\/20191002-Dille-blauwe-lucht-300x225.jpg 300w, https:\/\/ilioskaithalassa.com\/wp-content\/uploads\/2017\/06\/20191002-Dille-blauwe-lucht-768x576.jpg 768w, https:\/\/ilioskaithalassa.com\/wp-content\/uploads\/2017\/06\/20191002-Dille-blauwe-lucht-1024x768.jpg 1024w, https:\/\/ilioskaithalassa.com\/wp-content\/uploads\/2017\/06\/20191002-Dille-blauwe-lucht.jpg 1500w\" sizes=\"auto, (max-width: 245px) 100vw, 245px\" \/><\/p>\n<p>Susanne und Conrad aus M\u00fcnchen<\/p>\n<p>Nun sind wir wieder im deutschen Herbst angekommen und f\u00fchlen aber immer noch die sch\u00f6nen Erinnerungen an unsere herrliche Urlaubswoche in Eurem wunderbar gestalteten Guesthouse mit dem bl\u00fchenden Garten! Wir haben uns jeden Morgen auf das fantasievolle, gesunde und \u00fcppige Fr\u00fchst\u00fcck in Eurem Garten gefreut und den Austausch mit Euch sehr genossen. Dann wurde die einmalige Natur um Euer kleines Paradies herum erkundet \u2013 allein die vielen Schmetterlinge, Insekten und V\u00f6gel zu beobachten, war etwas Besonderes. Auch im Oktober ist das Baden im Meer ein Traum gewesen, Romanos Beach hat uns sehr gefallen. Wir hoffen auf ein Wiedersehen!<\/p>\n<p><img loading=\"lazy\" decoding=\"async\" class=\"size-medium wp-image-990 aligncenter\" src=\"http:\/\/ilioskaithalassa.com\/wp-content\/uploads\/2017\/06\/201906-ontbijt-close-up-300x200.jpg\" alt=\"\" width=\"300\" height=\"200\" srcset=\"https:\/\/ilioskaithalassa.com\/wp-content\/uploads\/2017\/06\/201906-ontbijt-close-up-300x200.jpg 300w, https:\/\/ilioskaithalassa.com\/wp-content\/uploads\/2017\/06\/201906-ontbijt-close-up-768x512.jpg 768w, https:\/\/ilioskaithalassa.com\/wp-content\/uploads\/2017\/06\/201906-ontbijt-close-up-1024x683.jpg 1024w, https:\/\/ilioskaithalassa.com\/wp-content\/uploads\/2017\/06\/201906-ontbijt-close-up.jpg 1500w\" sizes=\"auto, (max-width: 300px) 100vw, 300px\" \/><\/p>\n<div><\/div>\n<div>\n<p style=\"text-align: center;\"><strong>Contact &amp; Reservation: +30 6 995614115\u00a0ilioskaithalassa@gmail.com<\/strong><\/p>\n<\/div>\n<div>\n<div><strong>\u00a0<\/strong><\/div>\n<p>&nbsp;<\/p>\n<\/div>\n","protected":false},"excerpt":{"rendered":"<p>Christina &amp; Morty USA; \u00a0 \u00a0 \u00a0 \u00a0 \u00a0 \u00a0 \u00a0 \u00a0 \u00a0 \u00a0 \u00a0 \u00a0 \u00a0 \u00a0 \u00a0 \u00a0 \u00a0 \u00a0 \u00a0 \u00a0 \u00a0 \u00a0 \u00a0 \u00a0 \u00a0 \u00a0 \u00a0 \u00a0 \u00a0 \u00a0 \u00a0 \u00a0 \u00a0 \u00a0 \u00a0 \u00a0 \u00a0 \u00a0 \u00a0 \u00a0 \u00a0 \u00a0 \u00a0 \u00a0 \u00a0 \u00a0 \u00a0 \u00a0 \u00a0 \u00a0 \u00a0 &hellip; <a href=\"https:\/\/ilioskaithalassa.com\/?page_id=381\" class=\"more-link\">Continue reading <span class=\"screen-reader-text\">What our guests say&#8230;&#8230;.<\/span><\/a><\/p>\n","protected":false},"author":1,"featured_media":0,"parent":0,"menu_order":8,"comment_status":"closed","ping_status":"closed","template":"","meta":{"footnotes":""},"class_list":["post-381","page","type-page","status-publish","hentry"],"_links":{"self":[{"href":"https:\/\/ilioskaithalassa.com\/index.php?rest_route=\/wp\/v2\/pages\/381","targetHints":{"allow":["GET"]}}],"collection":[{"href":"https:\/\/ilioskaithalassa.com\/index.php?rest_route=\/wp\/v2\/pages"}],"about":[{"href":"https:\/\/ilioskaithalassa.com\/index.php?rest_route=\/wp\/v2\/types\/page"}],"author":[{"embeddable":true,"href":"https:\/\/ilioskaithalassa.com\/index.php?rest_route=\/wp\/v2\/users\/1"}],"replies":[{"embeddable":true,"href":"https:\/\/ilioskaithalassa.com\/index.php?rest_route=%2Fwp%2Fv2%2Fcomments&post=381"}],"version-history":[{"count":73,"href":"https:\/\/ilioskaithalassa.com\/index.php?rest_route=\/wp\/v2\/pages\/381\/revisions"}],"predecessor-version":[{"id":1096,"href":"https:\/\/ilioskaithalassa.com\/index.php?rest_route=\/wp\/v2\/pages\/381\/revisions\/1096"}],"wp:attachment":[{"href":"https:\/\/ilioskaithalassa.com\/index.php?rest_route=%2Fwp%2Fv2%2Fmedia&parent=381"}],"curies":[{"name":"wp","href":"https:\/\/api.w.org\/{rel}","templated":true}]}}